{"id":56,"date":"2020-06-09T09:52:22","date_gmt":"2020-06-09T09:52:22","guid":{"rendered":"http:\/\/spa-event.dk\/?page_id=56"},"modified":"2020-06-09T10:24:31","modified_gmt":"2020-06-09T10:24:31","slug":"priser","status":"publish","type":"page","link":"http:\/\/spa-event.dk\/index.php\/priser\/","title":{"rendered":"Priser"},"content":{"rendered":"\n<p>1 d\u00f8gn&#8230;..kr. 700<br>Efterf\u00f8lgende d\u00f8gn&#8230;..kr. 500<br>Br\u00e6nde til opvarmning og 2 timers brug&#8230;..kr. 125<\/p>\n","protected":false},"excerpt":{"rendered":"<p>1 d\u00f8gn&#8230;..kr. 700Efterf\u00f8lgende d\u00f8gn&#8230;..kr. 500Br\u00e6nde til opvarmning og 2 timers brug&#8230;..kr. 125<\/p>\n","protected":false},"author":1,"featured_media":68,"parent":0,"menu_order":0,"comment_status":"closed","ping_status":"closed","template":"","meta":[],"_links":{"self":[{"href":"http:\/\/spa-event.dk\/index.php\/wp-json\/wp\/v2\/pages\/56"}],"collection":[{"href":"http:\/\/spa-event.dk\/index.php\/wp-json\/wp\/v2\/pages"}],"about":[{"href":"http:\/\/spa-event.dk\/index.php\/wp-json\/wp\/v2\/types\/page"}],"author":[{"embeddable":true,"href":"http:\/\/spa-event.dk\/index.php\/wp-json\/wp\/v2\/users\/1"}],"replies":[{"embeddable":true,"href":"http:\/\/spa-event.dk\/index.php\/wp-json\/wp\/v2\/comments?post=56"}],"version-history":[{"count":2,"href":"http:\/\/spa-event.dk\/index.php\/wp-json\/wp\/v2\/pages\/56\/revisions"}],"predecessor-version":[{"id":65,"href":"http:\/\/spa-event.dk\/index.php\/wp-json\/wp\/v2\/pages\/56\/revisions\/65"}],"wp:featuredmedia":[{"embeddable":true,"href":"http:\/\/spa-event.dk\/index.php\/wp-json\/wp\/v2\/media\/68"}],"wp:attachment":[{"href":"http:\/\/spa-event.dk\/index.php\/wp-json\/wp\/v2\/media?parent=56"}],"curies":[{"name":"wp","href":"https:\/\/api.w.org\/{rel}","templated":true}]}}